{"id":2021,"date":"2025-06-12T08:52:30","date_gmt":"2025-06-12T08:52:30","guid":{"rendered":"https:\/\/www.morsoeteaterkreds.dk\/test\/?page_id=2021"},"modified":"2026-05-16T05:53:25","modified_gmt":"2026-05-16T05:53:25","slug":"praktiske-oplysninger","status":"publish","type":"page","link":"https:\/\/www.morsoeteaterkreds.dk\/?page_id=2021","title":{"rendered":"Praktiske oplysninger"},"content":{"rendered":"<p>[et_pb_section fb_built=&#8221;1&#8243; _builder_version=&#8221;4.27.4&#8243; _module_preset=&#8221;default&#8221; global_colors_info=&#8221;{}&#8221;][et_pb_row _builder_version=&#8221;4.27.4&#8243; _module_preset=&#8221;default&#8221; global_colors_info=&#8221;{}&#8221;][et_pb_column type=&#8221;4_4&#8243; _builder_version=&#8221;4.27.4&#8243; _module_preset=&#8221;default&#8221; global_colors_info=&#8221;{}&#8221;][et_pb_blurb title=&#8221;Praktiske oplysninger&#8221; image=&#8221;https:\/\/www.morsoeteaterkreds.dk\/wp-content\/uploads\/2025\/06\/MorsoeTeater-BL04.jpg&#8221; _builder_version=&#8221;4.27.4&#8243; _module_preset=&#8221;default&#8221; global_colors_info=&#8221;{}&#8221;]<\/p>\n<p>Velkommen til s\u00e6sonen 2026-2027.<\/p>\n<p>Vi gl\u00e6der os til at byde dig velkommen.<br \/>Igen i \u00e5r er det muligt at k\u00f8be \u00e5rskort der, som navnet antyder, g\u00e6lder et \u00e5r fra k\u00f8bsdatoen. 14 dage, en uge f\u00f8r og 3 dage f\u00f8r \u00e5rskortet udl\u00f8ber, modtager du en mail fra Billetten.dk, at det ved tiden, at du skal forny dit \u00e5rskort, som koster 1295 kr.<br \/>N\u00e5r du har k\u00f8bt \u00e5rskortet, som er personligt, kan du bestille billet til lige s\u00e5 mange forestillinger og koncerter, du vil. Og de er alle gratis. Det er da et godt tilbud.<br \/>Du beh\u00f8ver ikke bestille billet til alle forestillinger og koncerter p\u00e5 \u00e9n gang, men det er det letteste for dig. Du kan, hvis du bliver forhindret til en forestilling eller koncert, skrive eller ringe til Mors\u00f8 Teaterkreds. S\u00e5 annullerer vi din billet.<\/p>\n<p>Du kan ogs\u00e5 f\u00e5 hj\u00e6lp til bestilling af din billet. Kontakt Mors\u00f8 Teaterkreds.<br \/>N\u00e5r du skal bestille billet, g\u00e5 da ind p\u00e5 hjemmesiden www.morsoeteaterkreds.dk og log ind, udfyld rubrikkerne med de oplysninger, der \u00f8nskes inklusiv et kodeord, du selv v\u00e6lger. Derefter kan du k\u00f8be \u00e5rskort og bestille billetter. Oplysningerne gemmes i to \u00e5r, hvorefter de bliver slettet.<\/p>\n<p>&nbsp;<\/p>\n<p>Venlig hilsen<br \/>Mors\u00f8 Teaterkreds<br \/>J\u00f8rgen Bruun Christensen<\/p>\n<p>[\/et_pb_blurb][\/et_pb_column][\/et_pb_row][\/et_pb_section]<\/p>\n","protected":false},"excerpt":{"rendered":"<p>Velkommen til s\u00e6sonen 2026-2027. Vi gl\u00e6der os til at byde dig velkommen.Igen i \u00e5r er det muligt at k\u00f8be \u00e5rskort der, som navnet antyder, g\u00e6lder et \u00e5r fra k\u00f8bsdatoen. 14 dage, en uge f\u00f8r og 3 dage f\u00f8r \u00e5rskortet udl\u00f8ber, modtager du en mail fra Billetten.dk, at det ved tiden, at du skal forny dit [&hellip;]<\/p>\n","protected":false},"author":1,"featured_media":0,"parent":0,"menu_order":0,"comment_status":"closed","ping_status":"closed","template":"","meta":{"_et_pb_use_builder":"on","_et_pb_old_content":"","_et_gb_content_width":"","footnotes":""},"class_list":["post-2021","page","type-page","status-publish","hentry"],"_links":{"self":[{"href":"https:\/\/www.morsoeteaterkreds.dk\/index.php?rest_route=\/wp\/v2\/pages\/2021","targetHints":{"allow":["GET"]}}],"collection":[{"href":"https:\/\/www.morsoeteaterkreds.dk\/index.php?rest_route=\/wp\/v2\/pages"}],"about":[{"href":"https:\/\/www.morsoeteaterkreds.dk\/index.php?rest_route=\/wp\/v2\/types\/page"}],"author":[{"embeddable":true,"href":"https:\/\/www.morsoeteaterkreds.dk\/index.php?rest_route=\/wp\/v2\/users\/1"}],"replies":[{"embeddable":true,"href":"https:\/\/www.morsoeteaterkreds.dk\/index.php?rest_route=%2Fwp%2Fv2%2Fcomments&post=2021"}],"version-history":[{"count":5,"href":"https:\/\/www.morsoeteaterkreds.dk\/index.php?rest_route=\/wp\/v2\/pages\/2021\/revisions"}],"predecessor-version":[{"id":2125,"href":"https:\/\/www.morsoeteaterkreds.dk\/index.php?rest_route=\/wp\/v2\/pages\/2021\/revisions\/2125"}],"wp:attachment":[{"href":"https:\/\/www.morsoeteaterkreds.dk\/index.php?rest_route=%2Fwp%2Fv2%2Fmedia&parent=2021"}],"curies":[{"name":"wp","href":"https:\/\/api.w.org\/{rel}","templated":true}]}}