{"id":1972,"date":"2025-06-04T14:09:07","date_gmt":"2025-06-04T14:09:07","guid":{"rendered":"https:\/\/www.morsoeteaterkreds.dk\/test\/?page_id=1972"},"modified":"2026-02-16T18:16:51","modified_gmt":"2026-02-16T18:16:51","slug":"far-flytter-ind","status":"publish","type":"page","link":"https:\/\/www.morsoeteaterkreds.dk\/?page_id=1972","title":{"rendered":"Far flytter ind"},"content":{"rendered":"<p>[et_pb_section fb_built=&#8221;1&#8243; _builder_version=&#8221;4.27.4&#8243; _module_preset=&#8221;default&#8221; global_colors_info=&#8221;{}&#8221;][et_pb_row _builder_version=&#8221;4.27.4&#8243; _module_preset=&#8221;default&#8221; global_colors_info=&#8221;{}&#8221;][et_pb_column type=&#8221;4_4&#8243; _builder_version=&#8221;4.27.4&#8243; _module_preset=&#8221;default&#8221; global_colors_info=&#8221;{}&#8221;][et_pb_blurb title=&#8221;Far flytter ind&#8221; image=&#8221;https:\/\/www.morsoeteaterkreds.dk\/wp-content\/uploads\/2026\/01\/farny.jpg&#8221; _builder_version=&#8221;4.27.4&#8243; _module_preset=&#8221;default&#8221; hover_enabled=&#8221;0&#8243; global_colors_info=&#8221;{}&#8221; sticky_enabled=&#8221;0&#8243; title_text=&#8221;farny&#8221;]<\/p>\n<p>En komedie af Sebastian Dorset<\/p>\n<p>Det er aldrig nemt for voksne b\u00f8rn at flytte hjem til deres for\u00e6ldre, men er det lettere, hvis det er for\u00e6ldrene, der flytter hjem til deres b\u00f8rn?<br \/>Det lyder som en romantisk dr\u00f8m fra sydlige himmelstr\u00f8g, men her i det kolde<br \/>nord rimer det d\u00e5rligt med en travl hverdag i karrierens tegn, n\u00e5r voksne b\u00f8rn og<br \/>deres for\u00e6ldre igen skal dele k\u00f8kken, bad og barndomstraumer.<br \/>I komiker og tekstforfatter Sebastian Dorsets komedie tackler karaktererne<br \/>det med humor og rappe replikker, n\u00e5r den h\u00e5rdtarbejdende jurist, Gustav, og<br \/>hans hjemmearbejdende karriere-hustru, Astrid, skal h\u00e5ndtere, at Gustavs far og<br \/>dern\u00e6st Astrids mor flytter ind hos dem. Godt nok er der b\u00e5de hus-og hjerterum<br \/>hos Gustav og Astrid, men k\u00e6rligheden s\u00e6ttes p\u00e5 pr\u00f8ve i det daglige samv\u00e6r med<br \/>aldrende for\u00e6ldre, som opf\u00f8rer sig som fork\u00e6lede teenagere. Gustavs far, J\u00f8rgen, har aldrig taget rollen som far p\u00e5 sig, til geng\u00e6ld er han lidt for glad for vin og<br \/>v\u00e6ldig glad for kvinder. Astrids mor, Joan, navigerer ubesv\u00e6ret i sit kaotiske k\u00e6rlighedsliv, men t\u00e5ler d\u00e5rligt en smule uorden i sin datters hjem. Det bliver ikke nemmere af, at J\u00f8rgen og Joan f\u00e5r mere end almindelig svigerfor\u00e6ldresympati for hinanden, samtidig med at m\u00f8gsager v\u00e6lter ind over jurists\u00f8nnen, og datterens fusionsforhandlinger g\u00e5r i h\u00e5rdknude.<br \/>Hvem er for\u00e6ldre for hvem \u2013 hvem har opskriften p\u00e5 det ideelle liv? Dette og meget andet sp\u00f8rges der om i denne helt nye danske komedie, hvor dybsindigheder og<br \/>morsomheder f\u00f8lges ad i sk\u00f8n symbiose.<\/p>\n<p>Medvirkende:<br \/>Ole S\u00f8rensen, Susanne Breuning, Iben Dorner og Paw Henriksen.<br \/>Iscenes\u00e6ttelse: Kasper Wilton<br \/>Scenografi: Camilla Bj\u00f8rnvad<br \/>Dramatiker: Sebastian Dorset<\/p>\n<p>[\/et_pb_blurb][\/et_pb_column][\/et_pb_row][\/et_pb_section]<\/p>\n","protected":false},"excerpt":{"rendered":"<p>En komedie af Sebastian Dorset Det er aldrig nemt for voksne b\u00f8rn at flytte hjem til deres for\u00e6ldre, men er det lettere, hvis det er for\u00e6ldrene, der flytter hjem til deres b\u00f8rn?Det lyder som en romantisk dr\u00f8m fra sydlige himmelstr\u00f8g, men her i det koldenord rimer det d\u00e5rligt med en travl hverdag i karrierens tegn, [&hellip;]<\/p>\n","protected":false},"author":1,"featured_media":0,"parent":0,"menu_order":0,"comment_status":"closed","ping_status":"closed","template":"","meta":{"_et_pb_use_builder":"on","_et_pb_old_content":"","_et_gb_content_width":"","footnotes":""},"class_list":["post-1972","page","type-page","status-publish","hentry"],"_links":{"self":[{"href":"https:\/\/www.morsoeteaterkreds.dk\/index.php?rest_route=\/wp\/v2\/pages\/1972","targetHints":{"allow":["GET"]}}],"collection":[{"href":"https:\/\/www.morsoeteaterkreds.dk\/index.php?rest_route=\/wp\/v2\/pages"}],"about":[{"href":"https:\/\/www.morsoeteaterkreds.dk\/index.php?rest_route=\/wp\/v2\/types\/page"}],"author":[{"embeddable":true,"href":"https:\/\/www.morsoeteaterkreds.dk\/index.php?rest_route=\/wp\/v2\/users\/1"}],"replies":[{"embeddable":true,"href":"https:\/\/www.morsoeteaterkreds.dk\/index.php?rest_route=%2Fwp%2Fv2%2Fcomments&post=1972"}],"version-history":[{"count":7,"href":"https:\/\/www.morsoeteaterkreds.dk\/index.php?rest_route=\/wp\/v2\/pages\/1972\/revisions"}],"predecessor-version":[{"id":2089,"href":"https:\/\/www.morsoeteaterkreds.dk\/index.php?rest_route=\/wp\/v2\/pages\/1972\/revisions\/2089"}],"wp:attachment":[{"href":"https:\/\/www.morsoeteaterkreds.dk\/index.php?rest_route=%2Fwp%2Fv2%2Fmedia&parent=1972"}],"curies":[{"name":"wp","href":"https:\/\/api.w.org\/{rel}","templated":true}]}}