{"id":1967,"date":"2025-06-04T14:06:22","date_gmt":"2025-06-04T14:06:22","guid":{"rendered":"https:\/\/www.morsoeteaterkreds.dk\/test\/?page_id=1967"},"modified":"2025-06-04T14:07:35","modified_gmt":"2025-06-04T14:07:35","slug":"dancing-on-my-own","status":"publish","type":"page","link":"https:\/\/www.morsoeteaterkreds.dk\/?page_id=1967","title":{"rendered":"Dancing on my own"},"content":{"rendered":"<p>[et_pb_section fb_built=&#8221;1&#8243; theme_builder_area=&#8221;post_content&#8221; _builder_version=&#8221;4.27.4&#8243; _module_preset=&#8221;default&#8221;][et_pb_row _builder_version=&#8221;4.27.4&#8243; _module_preset=&#8221;default&#8221; theme_builder_area=&#8221;post_content&#8221;][et_pb_column _builder_version=&#8221;4.27.4&#8243; _module_preset=&#8221;default&#8221; type=&#8221;4_4&#8243; theme_builder_area=&#8221;post_content&#8221;][et_pb_blurb title=&#8221;Dancing on my own&#8221; image=&#8221;https:\/\/www.morsoeteaterkreds.dk\/wp-content\/uploads\/2025\/05\/25-26-17.jpg&#8221; _builder_version=&#8221;4.27.4&#8243; _module_preset=&#8221;default&#8221; theme_builder_area=&#8221;post_content&#8221; title_text=&#8221;25-26-17&#8243; hover_enabled=&#8221;0&#8243; sticky_enabled=&#8221;0&#8243;]<\/p>\n<p>En intens danseforestilling, der tr\u00e6nger ind i k\u00e6rlighedens komplicerede forviklinger og l\u00e6ngslen efter at blive opslugt af \u00f8jeblikkets ekstase og f\u00e6llesskab.<br \/>\u2003I Dancing On My Own oplever vi gennem dansen og musikken, hvordan vi finder eufori og samh\u00f8righed, n\u00e5r vi lader de f\u00f8lelser, der er s\u00e5 overv\u00e6ldende, at de n\u00e6sten ikke kan rummes, slippe fri.<\/p>\n<p>Iscenes\u00e6ttelse: Rikke Frigast Jakobsen &amp; Mikkel Alexander T\u00f8ttrup<br \/>Koreografi: Mikkel Alexander T\u00f8ttrup<br \/>Dramaturgi: Rikke Frigast Jakobsen<br \/>Medvirkende: 6 dansere fra Holstebro Dansekompagni<br \/>Musik: Robyn \u2013 Robin Miriam Carlsson, Patrik Jens Berger, Klas Frans \u00c5hlund, Alexander E. Kronlund, Joakim Frans \u00c5hlund, Johan Oscar Andreas Ekhe, Ulf<br \/>Peter Lindstr\u00f6m, Joseph Patrick Mount &amp; Markus Erik J\u00e4gerstedt<\/p>\n<p>Ny komposition og lydunivers: Kristian Hverring<br \/>Lysdesign: Thora Eriksen<br \/>Scenografi &amp; kostumedesign: Lise Marie Birch &amp; Lars Frimann<br \/>Id\u00e9 &amp; koncept: David Cornelius Price<br \/>Kunstnerisk ledelse: Marie Brolin-Tani &amp; David Cornelius Price<\/p>\n<p>[\/et_pb_blurb][\/et_pb_column][\/et_pb_row][\/et_pb_section]<\/p>\n","protected":false},"excerpt":{"rendered":"<p>En intens danseforestilling, der tr\u00e6nger ind i k\u00e6rlighedens komplicerede forviklinger og l\u00e6ngslen efter at blive opslugt af \u00f8jeblikkets ekstase og f\u00e6llesskab.\u2003I Dancing On My Own oplever vi gennem dansen og musikken, hvordan vi finder eufori og samh\u00f8righed, n\u00e5r vi lader de f\u00f8lelser, der er s\u00e5 overv\u00e6ldende, at de n\u00e6sten ikke kan rummes, slippe fri. Iscenes\u00e6ttelse: [&hellip;]<\/p>\n","protected":false},"author":1,"featured_media":0,"parent":0,"menu_order":0,"comment_status":"closed","ping_status":"closed","template":"","meta":{"_et_pb_use_builder":"on","_et_pb_old_content":"","_et_gb_content_width":"","footnotes":""},"class_list":["post-1967","page","type-page","status-publish","hentry"],"_links":{"self":[{"href":"https:\/\/www.morsoeteaterkreds.dk\/index.php?rest_route=\/wp\/v2\/pages\/1967","targetHints":{"allow":["GET"]}}],"collection":[{"href":"https:\/\/www.morsoeteaterkreds.dk\/index.php?rest_route=\/wp\/v2\/pages"}],"about":[{"href":"https:\/\/www.morsoeteaterkreds.dk\/index.php?rest_route=\/wp\/v2\/types\/page"}],"author":[{"embeddable":true,"href":"https:\/\/www.morsoeteaterkreds.dk\/index.php?rest_route=\/wp\/v2\/users\/1"}],"replies":[{"embeddable":true,"href":"https:\/\/www.morsoeteaterkreds.dk\/index.php?rest_route=%2Fwp%2Fv2%2Fcomments&post=1967"}],"version-history":[{"count":3,"href":"https:\/\/www.morsoeteaterkreds.dk\/index.php?rest_route=\/wp\/v2\/pages\/1967\/revisions"}],"predecessor-version":[{"id":1970,"href":"https:\/\/www.morsoeteaterkreds.dk\/index.php?rest_route=\/wp\/v2\/pages\/1967\/revisions\/1970"}],"wp:attachment":[{"href":"https:\/\/www.morsoeteaterkreds.dk\/index.php?rest_route=%2Fwp%2Fv2%2Fmedia&parent=1967"}],"curies":[{"name":"wp","href":"https:\/\/api.w.org\/{rel}","templated":true}]}}