{"id":1961,"date":"2025-06-04T13:47:26","date_gmt":"2025-06-04T13:47:26","guid":{"rendered":"https:\/\/www.morsoeteaterkreds.dk\/test\/?page_id=1961"},"modified":"2025-06-04T13:48:53","modified_gmt":"2025-06-04T13:48:53","slug":"hoej-sol-over-aarhus","status":"publish","type":"page","link":"https:\/\/www.morsoeteaterkreds.dk\/?page_id=1961","title":{"rendered":"H\u00f8j sol over Aarhus"},"content":{"rendered":"<p>[et_pb_section fb_built=&#8221;1&#8243; theme_builder_area=&#8221;post_content&#8221; _builder_version=&#8221;4.27.4&#8243; _module_preset=&#8221;default&#8221;][et_pb_row _builder_version=&#8221;4.27.4&#8243; _module_preset=&#8221;default&#8221; theme_builder_area=&#8221;post_content&#8221;][et_pb_column _builder_version=&#8221;4.27.4&#8243; _module_preset=&#8221;default&#8221; type=&#8221;4_4&#8243; theme_builder_area=&#8221;post_content&#8221;][et_pb_blurb title=&#8221;H\u00f8j sol over Aarhus&#8221; image=&#8221;https:\/\/www.morsoeteaterkreds.dk\/wp-content\/uploads\/2025\/05\/25-26-16.jpg&#8221; _builder_version=&#8221;4.27.4&#8243; _module_preset=&#8221;default&#8221; theme_builder_area=&#8221;post_content&#8221; title_text=&#8221;25-26-16&#8243; hover_enabled=&#8221;0&#8243; sticky_enabled=&#8221;0&#8243;]<\/p>\n<p>Gl\u00e6d dig til for\u00e5ret 2026 og et brag af en hyldestkoncert, n\u00e5r MusicalDanmark \u00e5bner for \u201dMiraklet i \u00c5rhus\u201d og skaber \u201dfestivalstemning\u201d.<br \/>H\u00d8J SOL OVER AARHUS er en varm, k\u00e6rlig og medrivende hyldest til musikken, der str\u00f8mmede ud fra landets n\u00e6stst\u00f8rste by i guldalder\u00e5rene i 80\u2019erne. Omdrejningspunktet i H\u00d8J SOL OVER AARHUS er \u201dmiraklet i \u00c5rhus\u201d. Den musikalske fort\u00e6lling om de \u00e5r, hvor den aarhusianske musikscene satte dagsordenen i hele landet, og der stod \u201c\u00c5rhus\u201d p\u00e5 alt og det hele. Selv fodbold! Det er fort\u00e6llingen om hvordan \u00c5rhus overhalede K\u00f8benhavn, og blev Danmarks musikhovedstad, og hvad der siden skete, da byen forsvandt fra hitlisterne efter 90\u2019ernes ankomst med nye musikgenrer mv. Med andre ord, en n\u00e6rmest klassisk fort\u00e6lling om storhed og fald.<br \/>I H\u00d8J SOL OVER AARHUS kan der opleves 40 af de st\u00f8rste og mest elskede hits fra bl.a. TV-2, Gnags, Anne Linnet, Lis S\u00f8rensen, Thomas Helmig, Lars H.U.G og mange flere. Det bliver en aften, der b\u00e5de vil ber\u00f8re og begejstre, og uden tvivl ende med, at alle vil med \u201dhjem til \u00c5rhus\u201d.<\/p>\n<p>P\u00e5 scenen i H\u00d8J SOL OVER AARHUS medvirker det<br \/>efterh\u00e5nden faste hold af suver\u00e6ne sangere og musikere, bl.a. Jonas Rasmussen, Morten Bytofte, Anne Kraglund, Lucas Hoang, Lene N\u00f8rrelykke og Anne Sofie Steen samt kapelmester Niels Rahbech.<\/p>\n<p>[\/et_pb_blurb][\/et_pb_column][\/et_pb_row][\/et_pb_section]<\/p>\n","protected":false},"excerpt":{"rendered":"<p>Gl\u00e6d dig til for\u00e5ret 2026 og et brag af en hyldestkoncert, n\u00e5r MusicalDanmark \u00e5bner for \u201dMiraklet i \u00c5rhus\u201d og skaber \u201dfestivalstemning\u201d.H\u00d8J SOL OVER AARHUS er en varm, k\u00e6rlig og medrivende hyldest til musikken, der str\u00f8mmede ud fra landets n\u00e6stst\u00f8rste by i guldalder\u00e5rene i 80\u2019erne. Omdrejningspunktet i H\u00d8J SOL OVER AARHUS er \u201dmiraklet i \u00c5rhus\u201d. Den [&hellip;]<\/p>\n","protected":false},"author":1,"featured_media":0,"parent":0,"menu_order":0,"comment_status":"closed","ping_status":"closed","template":"","meta":{"_et_pb_use_builder":"on","_et_pb_old_content":"","_et_gb_content_width":"","footnotes":""},"class_list":["post-1961","page","type-page","status-publish","hentry"],"_links":{"self":[{"href":"https:\/\/www.morsoeteaterkreds.dk\/index.php?rest_route=\/wp\/v2\/pages\/1961","targetHints":{"allow":["GET"]}}],"collection":[{"href":"https:\/\/www.morsoeteaterkreds.dk\/index.php?rest_route=\/wp\/v2\/pages"}],"about":[{"href":"https:\/\/www.morsoeteaterkreds.dk\/index.php?rest_route=\/wp\/v2\/types\/page"}],"author":[{"embeddable":true,"href":"https:\/\/www.morsoeteaterkreds.dk\/index.php?rest_route=\/wp\/v2\/users\/1"}],"replies":[{"embeddable":true,"href":"https:\/\/www.morsoeteaterkreds.dk\/index.php?rest_route=%2Fwp%2Fv2%2Fcomments&post=1961"}],"version-history":[{"count":3,"href":"https:\/\/www.morsoeteaterkreds.dk\/index.php?rest_route=\/wp\/v2\/pages\/1961\/revisions"}],"predecessor-version":[{"id":1965,"href":"https:\/\/www.morsoeteaterkreds.dk\/index.php?rest_route=\/wp\/v2\/pages\/1961\/revisions\/1965"}],"wp:attachment":[{"href":"https:\/\/www.morsoeteaterkreds.dk\/index.php?rest_route=%2Fwp%2Fv2%2Fmedia&parent=1961"}],"curies":[{"name":"wp","href":"https:\/\/api.w.org\/{rel}","templated":true}]}}