{"id":1946,"date":"2025-06-04T13:39:25","date_gmt":"2025-06-04T13:39:25","guid":{"rendered":"https:\/\/www.morsoeteaterkreds.dk\/test\/?page_id=1946"},"modified":"2025-06-04T13:40:26","modified_gmt":"2025-06-04T13:40:26","slug":"fortaellinger-fra-en-jazz-tid","status":"publish","type":"page","link":"https:\/\/www.morsoeteaterkreds.dk\/?page_id=1946","title":{"rendered":"Fort\u00e6llinger fra en JAZZ-tid"},"content":{"rendered":"<p>[et_pb_section fb_built=&#8221;1&#8243; theme_builder_area=&#8221;post_content&#8221; _builder_version=&#8221;4.27.4&#8243; _module_preset=&#8221;default&#8221;][et_pb_row _builder_version=&#8221;4.27.4&#8243; _module_preset=&#8221;default&#8221; theme_builder_area=&#8221;post_content&#8221;][et_pb_column _builder_version=&#8221;4.27.4&#8243; _module_preset=&#8221;default&#8221; type=&#8221;4_4&#8243; theme_builder_area=&#8221;post_content&#8221;][et_pb_blurb title=&#8221;Fort\u00e6llinger fra en JAZZ-tid&#8221; image=&#8221;https:\/\/www.morsoeteaterkreds.dk\/wp-content\/uploads\/2025\/05\/25-26-13.jpg&#8221; _builder_version=&#8221;4.27.4&#8243; _module_preset=&#8221;default&#8221; theme_builder_area=&#8221;post_content&#8221; title_text=&#8221;25-26-13&#8243;]<\/p>\n<p>\u201cFort\u00e6llinger fra en Jazz-tid\u201d er Joachim Knops personlige og musikalske rejse gennem jazzens historie, fra dens oprindelse til nutiden \u2013 spejlet i hans eget liv og fascination af musikkens magi. Forestillingen f\u00f8lger hans fascination, der begyndte som en stille nysgerrighed og sidenhen voksede til en dyb k\u00e6rlighed for jazzens rytmer, improvisation og sj\u00e6l. Som ung sanger og skuespiller blev Joachim hurtigt draget mod operaens dramatiske kraft, men der var altid noget ved jazzens spontane energi, der pirrede ham.<br \/>Med humor, varme og et glimt i \u00f8jet fort\u00e6ller han om, hvordan han til sidst m\u00e5tte overgive sig fuldst\u00e6ndigt til jazzens lokkende rytmer og komplekse improvisationer \u2013 og hvordan jazzen i dag er en uundg\u00e5elig del af hans musikalske DNA.<\/p>\n<p>AF OG MED: Joachim Knop og Nikolaj Bentzons trio<br \/>INSTRUKT\u00d8R: Lukas Birch<br \/>PRODUCENT: Teater Birch<\/p>\n<p>[\/et_pb_blurb][\/et_pb_column][\/et_pb_row][\/et_pb_section]<\/p>\n","protected":false},"excerpt":{"rendered":"<p>\u201cFort\u00e6llinger fra en Jazz-tid\u201d er Joachim Knops personlige og musikalske rejse gennem jazzens historie, fra dens oprindelse til nutiden \u2013 spejlet i hans eget liv og fascination af musikkens magi. Forestillingen f\u00f8lger hans fascination, der begyndte som en stille nysgerrighed og sidenhen voksede til en dyb k\u00e6rlighed for jazzens rytmer, improvisation og sj\u00e6l. Som ung [&hellip;]<\/p>\n","protected":false},"author":1,"featured_media":0,"parent":0,"menu_order":0,"comment_status":"closed","ping_status":"closed","template":"","meta":{"_et_pb_use_builder":"on","_et_pb_old_content":"","_et_gb_content_width":"","footnotes":""},"class_list":["post-1946","page","type-page","status-publish","hentry"],"_links":{"self":[{"href":"https:\/\/www.morsoeteaterkreds.dk\/index.php?rest_route=\/wp\/v2\/pages\/1946","targetHints":{"allow":["GET"]}}],"collection":[{"href":"https:\/\/www.morsoeteaterkreds.dk\/index.php?rest_route=\/wp\/v2\/pages"}],"about":[{"href":"https:\/\/www.morsoeteaterkreds.dk\/index.php?rest_route=\/wp\/v2\/types\/page"}],"author":[{"embeddable":true,"href":"https:\/\/www.morsoeteaterkreds.dk\/index.php?rest_route=\/wp\/v2\/users\/1"}],"replies":[{"embeddable":true,"href":"https:\/\/www.morsoeteaterkreds.dk\/index.php?rest_route=%2Fwp%2Fv2%2Fcomments&post=1946"}],"version-history":[{"count":3,"href":"https:\/\/www.morsoeteaterkreds.dk\/index.php?rest_route=\/wp\/v2\/pages\/1946\/revisions"}],"predecessor-version":[{"id":1949,"href":"https:\/\/www.morsoeteaterkreds.dk\/index.php?rest_route=\/wp\/v2\/pages\/1946\/revisions\/1949"}],"wp:attachment":[{"href":"https:\/\/www.morsoeteaterkreds.dk\/index.php?rest_route=%2Fwp%2Fv2%2Fmedia&parent=1946"}],"curies":[{"name":"wp","href":"https:\/\/api.w.org\/{rel}","templated":true}]}}