{"id":1878,"date":"2025-05-27T07:42:10","date_gmt":"2025-05-27T07:42:10","guid":{"rendered":"https:\/\/www.morsoeteaterkreds.dk\/test\/?page_id=1878"},"modified":"2025-06-12T08:51:04","modified_gmt":"2025-06-12T08:51:04","slug":"bestyrelsen","status":"publish","type":"page","link":"https:\/\/www.morsoeteaterkreds.dk\/?page_id=1878","title":{"rendered":"Bestyrelsen"},"content":{"rendered":"<p>[et_pb_section fb_built=&#8221;1&#8243; _builder_version=&#8221;4.27.4&#8243; _module_preset=&#8221;default&#8221; global_colors_info=&#8221;{}&#8221;][et_pb_row _builder_version=&#8221;4.27.4&#8243; _module_preset=&#8221;default&#8221; global_colors_info=&#8221;{}&#8221;][et_pb_column type=&#8221;4_4&#8243; _builder_version=&#8221;4.27.4&#8243; _module_preset=&#8221;default&#8221; global_colors_info=&#8221;{}&#8221;][et_pb_text _builder_version=&#8221;4.27.4&#8243; _module_preset=&#8221;default&#8221; global_colors_info=&#8221;{}&#8221;]<\/p>\n<p><strong>BESTYRELSE<\/strong><\/p>\n<p><span>J\u00f8rgen Bruun Christensen, formand <\/span><\/p>\n<p><span>Aage Ravn, n\u00e6stformand og sekret\u00e6r<\/span><\/p>\n<p><span>Jens Dejgaard Jensen, kasserer <\/span><\/p>\n<p><span>Karin M\u00f8ller Jensen, formand for B\u00f8rneteaterudvalget<\/span><\/p>\n<p><span>Louise Meiner Fredholm<\/span><\/p>\n<p><strong> MUSIKUDVALGET <\/strong><\/p>\n<p><span>J\u00f8rgen Bruun Christensen og Louise Meiner Fredholm<\/span><\/p>\n<p>[\/et_pb_text][\/et_pb_column][\/et_pb_row][\/et_pb_section]<\/p>\n","protected":false},"excerpt":{"rendered":"<p>BESTYRELSE J\u00f8rgen Bruun Christensen, formand Aage Ravn, n\u00e6stformand og sekret\u00e6r Jens Dejgaard Jensen, kasserer Karin M\u00f8ller Jensen, formand for B\u00f8rneteaterudvalget Louise Meiner Fredholm MUSIKUDVALGET J\u00f8rgen Bruun Christensen og Louise Meiner Fredholm<\/p>\n","protected":false},"author":1,"featured_media":0,"parent":0,"menu_order":0,"comment_status":"closed","ping_status":"closed","template":"","meta":{"_et_pb_use_builder":"on","_et_pb_old_content":"","_et_gb_content_width":"","footnotes":""},"class_list":["post-1878","page","type-page","status-publish","hentry"],"_links":{"self":[{"href":"https:\/\/www.morsoeteaterkreds.dk\/index.php?rest_route=\/wp\/v2\/pages\/1878","targetHints":{"allow":["GET"]}}],"collection":[{"href":"https:\/\/www.morsoeteaterkreds.dk\/index.php?rest_route=\/wp\/v2\/pages"}],"about":[{"href":"https:\/\/www.morsoeteaterkreds.dk\/index.php?rest_route=\/wp\/v2\/types\/page"}],"author":[{"embeddable":true,"href":"https:\/\/www.morsoeteaterkreds.dk\/index.php?rest_route=\/wp\/v2\/users\/1"}],"replies":[{"embeddable":true,"href":"https:\/\/www.morsoeteaterkreds.dk\/index.php?rest_route=%2Fwp%2Fv2%2Fcomments&post=1878"}],"version-history":[{"count":3,"href":"https:\/\/www.morsoeteaterkreds.dk\/index.php?rest_route=\/wp\/v2\/pages\/1878\/revisions"}],"predecessor-version":[{"id":2020,"href":"https:\/\/www.morsoeteaterkreds.dk\/index.php?rest_route=\/wp\/v2\/pages\/1878\/revisions\/2020"}],"wp:attachment":[{"href":"https:\/\/www.morsoeteaterkreds.dk\/index.php?rest_route=%2Fwp%2Fv2%2Fmedia&parent=1878"}],"curies":[{"name":"wp","href":"https:\/\/api.w.org\/{rel}","templated":true}]}}