{"id":1867,"date":"2025-05-27T07:28:50","date_gmt":"2025-05-27T07:28:50","guid":{"rendered":"https:\/\/www.morsoeteaterkreds.dk\/test\/?page_id=1867"},"modified":"2025-06-12T13:43:21","modified_gmt":"2025-06-12T13:43:21","slug":"naar-du-skal-i-teater","status":"publish","type":"page","link":"https:\/\/www.morsoeteaterkreds.dk\/?page_id=1867","title":{"rendered":"N\u00e5r du skal i teater"},"content":{"rendered":"<p>[et_pb_section fb_built=&#8221;1&#8243; _builder_version=&#8221;4.27.4&#8243; _module_preset=&#8221;default&#8221; global_colors_info=&#8221;{}&#8221;][et_pb_row _builder_version=&#8221;4.27.4&#8243; _module_preset=&#8221;default&#8221; hover_enabled=&#8221;0&#8243; global_colors_info=&#8221;{}&#8221; sticky_enabled=&#8221;0&#8243;][et_pb_column type=&#8221;4_4&#8243; _builder_version=&#8221;4.27.4&#8243; _module_preset=&#8221;default&#8221; global_colors_info=&#8221;{}&#8221;][et_pb_image src=&#8221;https:\/\/www.morsoeteaterkreds.dk\/wp-content\/uploads\/2025\/06\/MorsoeTeater-BL04.jpg&#8221; _builder_version=&#8221;4.27.4&#8243; _module_preset=&#8221;default&#8221; title_text=&#8221;Mors\u00f8Teater-BL04&#8243; width=&#8221;60%&#8221; module_alignment=&#8221;center&#8221; hover_enabled=&#8221;0&#8243; sticky_enabled=&#8221;0&#8243;][\/et_pb_image][et_pb_text _builder_version=&#8221;4.27.4&#8243; _module_preset=&#8221;default&#8221; global_colors_info=&#8221;{}&#8221;]<\/p>\n<p><span>N\u00e5r du skal til en forestilling eller koncert:<\/span><\/p>\n<p><span>Husk billet p\u00e5 telefon eller papir<\/span><\/p>\n<p><span>Der er billetsalg ved d\u00f8ren<\/span><\/p>\n<p><span>Der m\u00e5 ikke medbringes drikkevarer<\/span><\/p>\n<p><span>Der er handikapparkering og -toilet<\/span><\/p>\n<p><span>Der er ved nogle forestillinger og koncerter et \u201dsinglebord\u201d til dig, der kommer alene og gerne vil snakke med ligesindede. Du kan bruge muligheden, hvis du har lyst.<\/span><\/p>\n<p>[\/et_pb_text][\/et_pb_column][\/et_pb_row][\/et_pb_section]<\/p>\n","protected":false},"excerpt":{"rendered":"<p>N\u00e5r du skal til en forestilling eller koncert: Husk billet p\u00e5 telefon eller papir Der er billetsalg ved d\u00f8ren Der m\u00e5 ikke medbringes drikkevarer Der er handikapparkering og -toilet Der er ved nogle forestillinger og koncerter et \u201dsinglebord\u201d til dig, der kommer alene og gerne vil snakke med ligesindede. Du kan bruge muligheden, hvis du [&hellip;]<\/p>\n","protected":false},"author":1,"featured_media":0,"parent":0,"menu_order":0,"comment_status":"closed","ping_status":"closed","template":"","meta":{"_et_pb_use_builder":"on","_et_pb_old_content":"","_et_gb_content_width":"","footnotes":""},"class_list":["post-1867","page","type-page","status-publish","hentry"],"_links":{"self":[{"href":"https:\/\/www.morsoeteaterkreds.dk\/index.php?rest_route=\/wp\/v2\/pages\/1867","targetHints":{"allow":["GET"]}}],"collection":[{"href":"https:\/\/www.morsoeteaterkreds.dk\/index.php?rest_route=\/wp\/v2\/pages"}],"about":[{"href":"https:\/\/www.morsoeteaterkreds.dk\/index.php?rest_route=\/wp\/v2\/types\/page"}],"author":[{"embeddable":true,"href":"https:\/\/www.morsoeteaterkreds.dk\/index.php?rest_route=\/wp\/v2\/users\/1"}],"replies":[{"embeddable":true,"href":"https:\/\/www.morsoeteaterkreds.dk\/index.php?rest_route=%2Fwp%2Fv2%2Fcomments&post=1867"}],"version-history":[{"count":3,"href":"https:\/\/www.morsoeteaterkreds.dk\/index.php?rest_route=\/wp\/v2\/pages\/1867\/revisions"}],"predecessor-version":[{"id":2034,"href":"https:\/\/www.morsoeteaterkreds.dk\/index.php?rest_route=\/wp\/v2\/pages\/1867\/revisions\/2034"}],"wp:attachment":[{"href":"https:\/\/www.morsoeteaterkreds.dk\/index.php?rest_route=%2Fwp%2Fv2%2Fmedia&parent=1867"}],"curies":[{"name":"wp","href":"https:\/\/api.w.org\/{rel}","templated":true}]}}