{"id":1859,"date":"2025-05-27T07:16:10","date_gmt":"2025-05-27T07:16:10","guid":{"rendered":"https:\/\/www.morsoeteaterkreds.dk\/test\/?page_id=1859"},"modified":"2025-05-27T07:25:39","modified_gmt":"2025-05-27T07:25:39","slug":"kontakt-os-3","status":"publish","type":"page","link":"https:\/\/www.morsoeteaterkreds.dk\/?page_id=1859","title":{"rendered":"Kontakt os"},"content":{"rendered":"[et_pb_section fb_built=&#8221;1&#8243; _builder_version=&#8221;4.27.4&#8243; _module_preset=&#8221;default&#8221; global_colors_info=&#8221;{}&#8221;][et_pb_row column_structure=&#8221;1_2,1_2&#8243; _builder_version=&#8221;4.27.4&#8243; _module_preset=&#8221;default&#8221; global_colors_info=&#8221;{}&#8221;][et_pb_column type=&#8221;1_2&#8243; _builder_version=&#8221;4.27.4&#8243; _module_preset=&#8221;default&#8221; global_colors_info=&#8221;{}&#8221;][et_pb_text _builder_version=&#8221;4.27.4&#8243; _module_preset=&#8221;default&#8221; hover_enabled=&#8221;0&#8243; global_colors_info=&#8221;{}&#8221; sticky_enabled=&#8221;0&#8243;]<p><strong>Kontakt<\/strong><\/p>\n<p><!-- \/wp:post-content --><!-- wp:paragraph --><\/p>\n<p>E-mail: mors@morsoeteaterkreds.dk<br \/>Mors\u00f8 Teaterkreds: 51 97 83 65<\/p>\n<p><!-- \/wp:paragraph --><!-- wp:paragraph --><\/p>\n<p>Formand, J\u00f8rgen Bruun Christensen: 20 21 79 64<\/p>[\/et_pb_text][\/et_pb_column][et_pb_column type=&#8221;1_2&#8243; _builder_version=&#8221;4.27.4&#8243; _module_preset=&#8221;default&#8221; global_colors_info=&#8221;{}&#8221;][et_pb_text _builder_version=&#8221;4.27.4&#8243; _module_preset=&#8221;default&#8221; hover_enabled=&#8221;0&#8243; sticky_enabled=&#8221;0&#8243;]<p><strong>Persondataforordningen<\/strong><\/p>\n<p>Data over billetk\u00f8bere slettes automatisk efter to \u00e5r.<br \/>Formand og administrator sender mails ud til billetk\u00f8bere til henholdsvis den p\u00e5g\u00e6ldende forestilling\/koncert og til billetk\u00f8bere med programmet for den p\u00e5g\u00e6ldende s\u00e6son og andet relevant materiale.<\/p>[\/et_pb_text][\/et_pb_column][\/et_pb_row][\/et_pb_section]","protected":false},"excerpt":{"rendered":"<p>Kontakt E-mail: mors@morsoeteaterkreds.dkMors\u00f8 Teaterkreds: 51 97 83 65 Formand, J\u00f8rgen Bruun Christensen: 20 21 79 64Persondataforordningen Data over billetk\u00f8bere slettes automatisk efter to \u00e5r.Formand og administrator sender mails ud til billetk\u00f8bere til henholdsvis den p\u00e5g\u00e6ldende forestilling\/koncert og til billetk\u00f8bere med programmet for den p\u00e5g\u00e6ldende s\u00e6son og andet relevant materiale.<\/p>\n","protected":false},"author":1,"featured_media":0,"parent":0,"menu_order":0,"comment_status":"closed","ping_status":"closed","template":"","meta":{"_et_pb_use_builder":"on","_et_pb_old_content":"","_et_gb_content_width":"","footnotes":""},"class_list":["post-1859","page","type-page","status-publish","hentry"],"_links":{"self":[{"href":"https:\/\/www.morsoeteaterkreds.dk\/index.php?rest_route=\/wp\/v2\/pages\/1859","targetHints":{"allow":["GET"]}}],"collection":[{"href":"https:\/\/www.morsoeteaterkreds.dk\/index.php?rest_route=\/wp\/v2\/pages"}],"about":[{"href":"https:\/\/www.morsoeteaterkreds.dk\/index.php?rest_route=\/wp\/v2\/types\/page"}],"author":[{"embeddable":true,"href":"https:\/\/www.morsoeteaterkreds.dk\/index.php?rest_route=\/wp\/v2\/users\/1"}],"replies":[{"embeddable":true,"href":"https:\/\/www.morsoeteaterkreds.dk\/index.php?rest_route=%2Fwp%2Fv2%2Fcomments&post=1859"}],"version-history":[{"count":4,"href":"https:\/\/www.morsoeteaterkreds.dk\/index.php?rest_route=\/wp\/v2\/pages\/1859\/revisions"}],"predecessor-version":[{"id":1865,"href":"https:\/\/www.morsoeteaterkreds.dk\/index.php?rest_route=\/wp\/v2\/pages\/1859\/revisions\/1865"}],"wp:attachment":[{"href":"https:\/\/www.morsoeteaterkreds.dk\/index.php?rest_route=%2Fwp%2Fv2%2Fmedia&parent=1859"}],"curies":[{"name":"wp","href":"https:\/\/api.w.org\/{rel}","templated":true}]}}